{"id":77,"date":"2021-12-24T16:07:17","date_gmt":"2021-12-24T16:07:17","guid":{"rendered":"https:\/\/hamido.de\/?page_id=77"},"modified":"2024-03-02T10:22:04","modified_gmt":"2024-03-02T10:22:04","slug":"agb","status":"publish","type":"page","link":"https:\/\/hamido.de\/?page_id=77","title":{"rendered":"AGB"},"content":{"rendered":"\n<p><strong>Allgemeine Gesch\u00e4ftsbedingungen \u2013 Hamido GmbH<\/strong> (AGB)<\/p>\n\n\n\n<ol class=\"wp-block-list\">\n<li><strong> Allgemeines<\/strong><\/li>\n<\/ol>\n\n\n\n<p>F\u00fcr alle Rechtsgesch\u00e4fte zwischen Hamido GmbH, mit Hauptsitz Damm Str. 24 in 09599 Freiberg, Deutschland und dem Auftragsgeber gelten ausschlie\u00dflich die nachfolgenden Allgemeinen Gesch\u00e4ftsbedingungen. Diese werden von Auftraggeber mit der Auftragserteilung anerkannt und gelten f\u00fcr die gesamt Dauer der Auftragsabwicklung. F\u00fcr alles weitere ist Schriftform erforderlich.<\/p>\n\n\n\n<ol class=\"wp-block-list\" start=\"2\">\n<li><strong> Ausf\u00fchrung von Auftr\u00e4gen und Geheimhaltung<\/strong><\/li>\n<\/ol>\n\n\n\n<p>2.1 HAMIDO GMBH ist berechtigt, sich bei der Erbringung der \u00dcbersetzungsleistung an geeigneten und \u00fcberpr\u00fcften Dritten zu wenden und gegebenenfalls mit den \u00dcbersetzungen zu beauftragen. Die Vertragsbeziehung des Auftraggebers besteht ausschlie\u00dflich zu HAMIDO GMBH.<\/p>\n\n\n\n<p>2.1 Je nach Vereinbarung erstellt und liefert HAMIDO GMBH eine Arbeits\u00fcbersetzung. HAMIDO GMBH verpflichtet sich, einen vom Auftraggeber vorgegebenen Text sach- und fachgerecht in die vereinbarte Zielsprache zu \u00fcbersetzen oder \u00fcbersetzen zu lassen und daf\u00fcr zu sorgen, dass die \u00dcbersetzung ohne K\u00fcrzungen, Zus\u00e4tze oder sonstige inhaltliche Ver\u00e4nderungen vorgenommen wird. \u00dcbersetzungen werden dabei je nach Bedeutung des Originaltextes w\u00f6rtlich bzw. sinngem\u00e4\u00df nach den mittleren allgemeing\u00fcltigen Qualit\u00e4tsma\u00dfst\u00e4ben der \u00dcbersetzungsbranche des jeweiligen Sprachraumes vorgenommen.<\/p>\n\n\n\n<p>2.3 Die vom Auftraggeber erhaltenen Daten oder die als Datei vorliegende \u00dcbersetzung verbleiben zu Zwecken der Archivierung bei HAMIDO GMBH. Die L\u00f6schung dieser Daten erfolgt nur aufgrund des ausdr\u00fccklichen Wunsches des Auftraggebers.<\/p>\n\n\n\n<p>2.4 Die Weitergabe an Dritte zum Zweck der \u00dcbersetzung ist zul\u00e4ssig. HAMIDO GMBH verpflichtet sich, diese Dritten zur Geheimhaltung zu verpflichten.<\/p>\n\n\n\n<p>2.5 HAMIDO GMBH wird die ihr zur Kenntnis gelangten Informationen \u00fcber den Auftraggeber sowie ausgeh\u00e4ndigten Unterlagen und Materialien, vertraulich behandeln und verpflichtet sich, diese ohne ausdr\u00fcckliche schriftliche Zustimmung weder zu verwenden oder zu verwerten noch an Dritte weiterzugeben, soweit dies nicht im Rahmen der Vertragserf\u00fcllung erforderlich ist.<\/p>\n\n\n\n<ol class=\"wp-block-list\" start=\"3\">\n<li><strong> Auftrag und Erteilung von Auftr\u00e4gen<\/strong><\/li>\n<\/ol>\n\n\n\n<p>3.1 HAMIDO GMBH erstellt nur auf der Grundlage der vom Auftraggeber mitgeteilten Informationen und \u00fcbermittelten Daten ein unverbindliches Angebot zur Erstellung einer \u00dcbersetzung.<\/p>\n\n\n\n<p>3.2 HAMIDO GMBH kann die \u00dcbersetzung eines Textes zur\u00fcckweisen. Dies gilt insbesondere in F\u00e4llen, in denen Texte zur \u00dcbersetzung gegeben werden, in denen strafbare Inhalte und Ausdr\u00fccke sind, oder gegen die bekannten guten Sitten versto\u00dfen,<\/p>\n\n\n\n<p>3.3 Zusagen oder Vereinbarungen mit Vertretern oder Mitarbeitern der HAMIDO GMBH sind erst nach schriftlicher Best\u00e4tigung der HAMIDO GMBH rechtsverbindlich.<\/p>\n\n\n\n<p>3.4 F\u00fcr HAMIDO GMBH kann jede nat\u00fcrliche oder juristische Person als Auftraggeber gelten.<\/p>\n\n\n\n<p>3.5 HAMIDO GMBH ist bei berechtigtem Zweifel an der Zahlungsf\u00e4higkeit oder Aufrichtigkeit des Auftraggebers befugt, vor Beginn oder Fortsetzung der Auftragsausf\u00fchrung vom Auftraggeber einen Vorschuss oder andere Sicherheiten zu verlangen.<\/p>\n\n\n\n<p>3.6 Mit Annahme des Angebotes kommt ein Vertrag zwischen dem Auftraggeber und HAMIDO GMBH zu den im Angebot genannten Bedingungen zustande. Ein Auftrag kommt nur zustande, wenn der Auftraggeber das Angebot in elektronischer oder sonstiger schriftlicher Form best\u00e4tigt und wenn die entsprechende schriftliche Auftragsbest\u00e4tigung vom HAMIDO GMBH an den Auftraggeber \u00fcbersandt worden ist.<\/p>\n\n\n\n<ol class=\"wp-block-list\" start=\"4\">\n<li><strong> Preise und Zahlungen<\/strong><\/li>\n<\/ol>\n\n\n\n<p>4.1 Die vereinbarte Verg\u00fctung wird mit Lieferung der \u00dcbersetzung und nach Rechnungsstellung ohne Abzug zur sofortigen Zahlung f\u00e4llig. HAMIDO GMBH stellt dem Auftraggeber eine entsprechende Rechnung. Die Forderungen sind innerhalb von 14 Tagen zu leisten. Bei Zahlungsverzug ist HAMIDO GMBH berechtigt, den Verzugsschaden geltend zu machen. Bei Zahlungsverzug ist HAMIDO GMBH berechtigt, Verzugszinsen i.H.v. 8 % \u00fcber dem jeweiligen Basiszinssatz der Europ\u00e4ischen Zentralbank p.a. zu verlangen. Wenn HAMIDO GMBH einen h\u00f6heren Verzugsschaden nachweisen kann, ist HAMIDO GMBH berechtigt, diesen geltend zu machen. HAMIDO GMBH kann bei der Geltendmachung ein Inkassounternehmen beauftragen. Die zus\u00e4tzlichen Kosten hat der Auftragssteller zu tragen.<\/p>\n\n\n\n<p>4.2 Die in den Angeboten genannten Preise gegen\u00fcber dem Auftraggeber sind Netto-Preise exklusive der jeweils g\u00fcltigen gesetzlichen Umsatzsteuer.<\/p>\n\n\n\n<p>4.3 \u00dcbersetzungen werden nach Wortzahl in der Ausgangssprache sowie unter Ber\u00fccksichtigung der Sprachkombination, Schwierigkeit und Fachbereich der \u00dcbersetzung berechnet, es sei denn, f\u00fcr einen Auftrag wird im Voraus ein Pauschalhonorar vereinbart.<\/p>\n\n\n\n<p>4.4 Sofern nicht anders vereinbart ist das Honorar f\u00fcr die \u00dcbersetzung auf einem von HAMIDO GMBH im Voraus festgelegten Worttarif oder Stundensatz basiert. HAMIDO GMBH kann zus\u00e4tzlich zur regul\u00e4ren Bezahlung etwaige mit der Auftragsausf\u00fchrung verbundene Kosten in Rechnung stellen.<\/p>\n\n\n\n<ol class=\"wp-block-list\" start=\"5\">\n<li><strong> Lieferungen und Lieferfristen<\/strong><\/li>\n<\/ol>\n\n\n\n<p>5.1 Sofern nicht ausdr\u00fccklich schriftlich etwas anderes vereinbart ist, sind alle Lieferfristen vorl\u00e4ufig. HAMIDO GMBH benachrichtigt den Auftraggeber unverz\u00fcglich, wenn sie eine Lieferfrist nicht einhalten kann.<\/p>\n\n\n\n<p>5.2 Kann HAMIDO GMBH eine bestimmte schriftlich vereinbarte Lieferfrist nicht einhalten und ist dem Auftraggeber eine Verz\u00f6gerung in vern\u00fcnftigem Rahmen nicht zuzumuten, ist der Auftraggeber berechtigt, vom Auftrag zur\u00fcckzutreten. In diesem Fall ist HAMIDO GMBH jedoch nicht zur Leistung von Schadenersatz verpflichtet und der Auftraggeber ist nicht entbunden von der Zahlung bereits teilweise geleisteter \u00dcbersetzungsarbeit.<\/p>\n\n\n\n<p>5.3 Die Auslieferung gilt zum Zeitpunkt des Aush\u00e4ndigens oder des Versands per Post, Telefax, Telex, Kurier, Modem und\/oder Internet, usw. als ausgef\u00fchrt.<\/p>\n\n\n\n<p>5.4 Der Auftraggeber bem\u00fcht sich nach besten Kr\u00e4ften, die Auslieferung des nach Ma\u00dfgabe des Vertrags vom HAMIDO GMBH gefertigten Produkts zu erleichtern. Jede Annahmeverweigerung des Produkts der HAMIDO GMBHs stellt eine Leistungsst\u00f6rung seitens des Auftraggebers dar, auch wenn keine ausdr\u00fcckliche Annahmeaufforderung erfolgte findet Artikel 4.1 entsprechend Anwendung.<\/p>\n\n\n\n<ol class=\"wp-block-list\" start=\"5\">\n<li><strong> Auftrags\u00e4nderung und Annullierung.<\/strong><\/li>\n<\/ol>\n\n\n\n<p>5.1 Nimmt der Auftraggeber nach Vertragsabschluss \u00c4nderungen am Auftrag vor, ist HAMIDO GMBH berechtigt, den angegebenen Preis und\/oder die Lieferfrist entsprechend zu \u00e4ndern oder die Auftragsausf\u00fchrung nachtr\u00e4glich ganz abzulehnen. In diesem Fall zahlt der Auftraggeber f\u00fcr die bereits ausgef\u00fchrte \u00dcbersetzungsarbeit und Artikel 5.3 findet Anwendung.<\/p>\n\n\n\n<p>5.2 Bei Annullierung eines Auftrags durch den Auftraggeber ist HAMIDO GMBH berechtigt, die Zahlung f\u00fcr bereits ausgef\u00fchrte \u00dcbersetzungsarbeiten im Rahmen dieses Auftrags sowie eine Entsch\u00e4digung f\u00fcr die f\u00fcr den restlichen Auftrag durchgef\u00fchrten Recherchen auf Stundenbasis zu fordern.<\/p>\n\n\n\n<p>5.3 Sollte HAMIDO GMBH f\u00fcr die Auftragsausf\u00fchrung Zeit eingeplant haben, kann es dem Auftraggeber f\u00fcr den nicht ausgef\u00fchrten Teil der \u00dcbersetzungsarbeit wegen Zeitverlust 50% des angegebenen Preises in Rechnung stellen.<\/p>\n\n\n\n<ol class=\"wp-block-list\" start=\"6\">\n<li><strong> Gew\u00e4hrleistung<\/strong><\/li>\n<\/ol>\n\n\n\n<p>6.1 F\u00fcr M\u00e4ngel der Textvorlage haftet der Auftraggeber.<\/p>\n\n\n\n<p>6.2 Der Auftraggeber hat die gelieferte \u00dcbersetzung auf M\u00e4ngel zu pr\u00fcfen. Offensichtliche M\u00e4ngel an der \u00dcbersetzung sind unverz\u00fcglich schriftlich gegen\u00fcber HAMIDO GMBH zu r\u00fcgen, versteckte M\u00e4ngel sofort nach deren Entdeckung.<\/p>\n\n\n\n<p>6.3 Wenn nicht sp\u00e4testens innerhalb von zwei Wochen eine schriftliche R\u00fcge erfolgt, so gilt die \u00dcbersetzung als vertragsgem\u00e4\u00df erbracht und abgenommen.<\/p>\n\n\n\n<p>6.4 Soweit die \u00dcbersetzung von den jeweils vereinbarten Anforderungen abweicht, hat der Auftraggeber HAMIDO GMBH eine dem jeweiligen Fall angemessene Frist zur Nachbesserung zu setzen. Eine Nachbesserung ist ausgeschlossen, wenn die Abweichungen durch den Auftraggeber selbst verursacht worden sind. Der Auftraggeber bleibt zur Annahme der erbrachten Leistung und zur Zahlung verpflichtet.<\/p>\n\n\n\n<p>6.5 Das Recht des Auftraggebers auf Reklamation verf\u00e4llt, wenn er den Teil des Produkts, auf den sich die Reklamation bezieht, selbst bearbeitet hat oder in seinem Auftrag hat bearbeiten lassen.<\/p>\n\n\n\n<ol class=\"wp-block-list\" start=\"7\">\n<li><strong> Haftung<\/strong><\/li>\n<\/ol>\n\n\n\n<p>7.1 Eine etwaige Mehrdeutigkeit des zu \u00fcbersetzenden Texts entbindet HAMIDO GMBH von jeglicher Haftung.<\/p>\n\n\n\n<p>7.2 HAMIDO GMBH haftet nur f\u00fcr einen Schaden, der nachweislich als Folge eines dem HAMIDO GMBH zuzuordnenden Fehlers ist. So haftet HAMIDO GMBH unter keinen Umst\u00e4nden f\u00fcr andere Sch\u00e4den wie Folgeschaden, Gewinnausfall oder Schaden auf Grund von Verz\u00f6gerungen.<\/p>\n\n\n\n<p>7.3 Die Haftung wird bei leichter Fahrl\u00e4ssigkeit auf den Rechnungswert des betreffenden Auftrags beschr\u00e4nkt. Bei grober Fahrl\u00e4ssigkeit wird die Haftung auf das Doppelte des Rechnungswertes exkl. USt. der schadenstiftenden Leistung beschr\u00e4nkt. Die Haftung der HAMIDO GMBH ist jedoch auf jeden Fall auf maximal 6.000 Euro beschr\u00e4nkt. Die Haftungsgrenze verringert sich auf ein Drittel, wenn der Auftraggeber gegen den verursachten Schaden versichert ist.<\/p>\n\n\n\n<p>7.4 HAMIDO GMBH haftet nicht daf\u00fcr, dass die jeweilige \u00dcbersetzung f\u00fcr den Verwendungszweck des Auftraggebers zul\u00e4ssig oder geeignet ist. Dies gilt insbesondere f\u00fcr den Fall, dass die \u00dcbersetzung ver\u00f6ffentlicht oder f\u00fcr Werbezwecke verwendet wird.<\/p>\n\n\n\n<p>7.5 Der Auftraggeber sichert dem HAMIDO GMBH Freistellung gegen alle Anspr\u00fcche Dritter zu, die sich aus der Verwendung des Produkts ableiten und schlie\u00dft damit jede Haftung der HAMIDO GMBHs auf Grund dieses Absatzes aus.<\/p>\n\n\n\n<p>7.6 Der Auftraggeber verpflichtet sich, HAMIDO GMBH gegen s\u00e4mtliche Anspr\u00fcche Dritter auf Grund einer behaupteten Verletzung von Eigentumsrechten, Patentrechten, Urheberrechten oder anderer Rechte des geistigen Eigentums in Verbindung mit der Erf\u00fcllung des Vertrags schadlos zu halten.<\/p>\n\n\n\n<ol class=\"wp-block-list\" start=\"8\">\n<li><strong> Rechte Dritter und Freistellung<\/strong><\/li>\n<\/ol>\n\n\n\n<p>8.1 Der Auftraggeber befreit HAMIDO GMBH und dessen Unterauftragnehmer von jeglicher Haftung f\u00fcr Anspr\u00fcche Dritter, die auf einer Verwendung, Bearbeitung, Verwertung oder Vervielf\u00e4ltigung dieser Informationen, Unterlagen und anderen Gegenst\u00e4nden oder deren Bearbeitung passieren.<\/p>\n\n\n\n<p>8.2 Der Auftraggeber versichert, dass keine Rechte Dritter an den zu \u00fcbersetzenden Auftr\u00e4gen bestehen, welche einer Bearbeitung und \u00dcbersetzung sowie der Weitergabe an Dritte zur \u00dcbersetzung entgegenstehen.<\/p>\n\n\n\n<ol class=\"wp-block-list\" start=\"9\">\n<li><strong> Vertragsaufl\u00f6sung<\/strong><\/li>\n<\/ol>\n\n\n\n<p>9.1 HAMIDO GMBH hat die Berechtigung ohne gegen\u00fcber dem Auftraggeber schadenersatzpflichtig zu sein, den Vertrag auch nur teilweise zu k\u00fcndigen oder seine Erf\u00fcllung aufzuschieben, falls der Auftraggeber seinen Verpflichtungen nicht nachkommt.<\/p>\n\n\n\n<p>9.2 Kann HAMIDO GMBH wegen <em>((u.a. Feuer, Unfall, Krankheit, Streik, Aufruhr, Krieg, Transportbehinderungen, beh\u00f6rdliche Ma\u00dfnahmen Leistungsunterbrechung von Internet-Providern oder andere Ereignisse h\u00f6herer Gewalt))<\/em> ihren Verpflichtungen, nicht nachkommen, ist HAMIDO GMBH berechtigt, den Vertrag zu k\u00fcndigen, ohne schadenersatzpflichtig zu sein. Solche Umst\u00e4nde beinhalten,<\/p>\n\n\n\n<ol class=\"wp-block-list\" start=\"10\">\n<li><strong> Das Werberecht<\/strong><\/li>\n<\/ol>\n\n\n\n<p>10.1 HAMIDO GMBH ist berechtigt, den Namen und die Marke des Auftraggebers als Referenz in der Eigenwerbung anzugeben.<\/p>\n\n\n\n<ol class=\"wp-block-list\" start=\"11\">\n<li><strong> Datenschutzbestimmungen<\/strong><\/li>\n<\/ol>\n\n\n\n<p>11.1 Allgemeines<\/p>\n\n\n\n<ol class=\"wp-block-list\">\n<li>A) HAMIDO GMBH arbeitet nach der EU-Datenschutz-Grundverordnung (EU-DSGVO) und speichert nur personenbezogene Daten, die notwendig f\u00fcr die Erbringung der angestrebten Dienstleistung sind.<\/li>\n\n\n\n<li>B) HAMIDO GMBH verarbeitet ausschlie\u00dflich Daten, die zur Angebotserstellung notwendig sind bevor die \u00dcbersetzung in Auftrag gegeben wird.<\/li>\n\n\n\n<li>C) HAMIDO GMBH teilt keine personenbezogene Daten mit ausl\u00e4ndischen dritten Parteien, es sei denn, HAMIDO GMBH ist dazu gesetzlich verpflichtet oder der Auftraggeber gibt seine Zustimmung, den \u00dcbersetzungsauftrag im Ausland ausf\u00fchren zu lassen.<\/li>\n\n\n\n<li>D) der Auftraggeber wird gebeten, den \u00dcbersetzungsauftrag einer der folgenden Risikostufen zuzuordnen:<\/li>\n<\/ol>\n\n\n\n<p><em><u>hohes Risiko<\/u><\/em><\/p>\n\n\n\n<p>Der Auftrag enth\u00e4lt personenbezogene Daten sensibelster Art, wie strafrechtliche oder medizinische Daten.<br>Einsicht ist begrenzt auf den eigentlichen \u00dcbersetzer und einer Kontaktperson innerhalb der HAMIDO GMBHs.<br>Unsere Ma\u00dfnahmen: Sehr begrenzte Einsichtsrechte \u2013 Speicherung findet anonymisiert bzw. pseudonymisiert statt.<\/p>\n\n\n\n<p><em><u>mittleres Risiko<\/u><\/em><\/p>\n\n\n\n<p>Art: Der Auftrag enth\u00e4lt personenbezogene Daten sensibler Art und die gesetzlich als besondere personenbezogene Daten eingestuft werden, die auch \u00f6ffentliches \u00c4rgernis hervorrufen k\u00f6nnte.<br>Einsicht ist begrenzt auf eine Gruppe von max. f\u00fcnf Personen, basierend auf der Kenntnisnotwendigkeit.<br>Unsere Ma\u00dfnahmen: Begrenzte Einsichtsrechte \u2013 Speicherung muss nicht, kann jedoch, anonymisiert bzw. pseudonymisiert stattfinden; begrenzter Aufbewahrungszeitraum.<\/p>\n\n\n\n<p><em><u>normales Risiko<\/u><\/em><\/p>\n\n\n\n<p>Der Auftrag enth\u00e4lt gew\u00f6hnliche Daten wie Name, Adresse, Wohnort.<br>Einsicht ist begrenzt auf eine Gruppe von Personen innerhalb der HAMIDO GMBH und den eigentlichen \u00dcbersetzer.<br>Unsere Ma\u00dfnahmen: Intern unbegrenzte Einsichtsrechte \u2013 Speicherung findet ohne bestimmte Ma\u00dfnahmen statt; eingeschr\u00e4nkt begrenzter Aufbewahrungszeitraum.<\/p>\n\n\n\n<ol class=\"wp-block-list\">\n<li>E) HAMIDO GMBH wahrt die Geheimhaltung der Mitarbeiter durch vertraglich geregelte Strafen.<\/li>\n<\/ol>\n\n\n\n<p>11.2 Aufbewahrungszeitraum<\/p>\n\n\n\n<p>HAMIDO GMBH bewahrt personenbezogene Daten nicht l\u00e4nger als f\u00fcr die zwischen beiden Parteien bestehende Vereinbarung zum Erf\u00fcllen eines \u00dcbersetzungsauftrags notwendig, es sei denn,<\/p>\n\n\n\n<p>der Auftraggeber hat einem l\u00e4ngeren Aufbewahrungszeitraum zugestimmt.<br>HAMIDO GMBH ist durch rechtliche Verpflichtungen daran gebunden, bestimmte personenbezogene Daten l\u00e4nger zu speichern.<\/p>\n\n\n\n<ol class=\"wp-block-list\" start=\"12\">\n<li><strong> Anwendbares Recht und Gerichtsstand<\/strong><\/li>\n<\/ol>\n\n\n\n<p>12.1 Der Vertrag gilt als in der Bundesrepublik Deutschland ausgefertigt und unterliegt deutschem Recht.<\/p>\n\n\n\n<p>12.2 Gerichtsstand f\u00fcr die Schlichtung von Streitigkeiten entsprecht der HAMIDO GMBH- Adresse in Deutschland und wird beim Vertragsabschluss genauer bezeichnet.<\/p>\n\n\n\n<p>Stand: Februar 2024<\/p>\n\n\n\n<p>Amtsgericht Chemnitz<br>Hamido GmbH Sitz Freiberg, HRB 36370<\/p>\n","protected":false},"excerpt":{"rendered":"<p>Allgemeine Gesch\u00e4ftsbedingungen \u2013 Hamido GmbH (AGB) F\u00fcr alle Rechtsgesch\u00e4fte zwischen Hamido GmbH, mit Hauptsitz Damm Str. 24 in 09599 Freiberg, Deutschland und dem Auftragsgeber gelten ausschlie\u00dflich die nachfolgenden Allgemeinen Gesch\u00e4ftsbedingungen. Diese werden von Auftraggeber mit der Auftragserteilung anerkannt und gelten f\u00fcr die gesamt Dauer der Auftragsabwicklung. F\u00fcr alles weitere ist Schriftform erforderlich. 2.1 HAMIDO GMBH &hellip; <a href=\"https:\/\/hamido.de\/?page_id=77\" class=\"more-link\"><span class=\"screen-reader-text\">AGB<\/span> weiterlesen <span class=\"meta-nav\">&rarr;<\/span><\/a><\/p>\n","protected":false},"author":1,"featured_media":0,"parent":0,"menu_order":0,"comment_status":"closed","ping_status":"closed","template":"","meta":{"footnotes":""},"class_list":["post-77","page","type-page","status-publish","hentry"],"_links":{"self":[{"href":"https:\/\/hamido.de\/index.php?rest_route=\/wp\/v2\/pages\/77","targetHints":{"allow":["GET"]}}],"collection":[{"href":"https:\/\/hamido.de\/index.php?rest_route=\/wp\/v2\/pages"}],"about":[{"href":"https:\/\/hamido.de\/index.php?rest_route=\/wp\/v2\/types\/page"}],"author":[{"embeddable":true,"href":"https:\/\/hamido.de\/index.php?rest_route=\/wp\/v2\/users\/1"}],"replies":[{"embeddable":true,"href":"https:\/\/hamido.de\/index.php?rest_route=%2Fwp%2Fv2%2Fcomments&post=77"}],"version-history":[{"count":6,"href":"https:\/\/hamido.de\/index.php?rest_route=\/wp\/v2\/pages\/77\/revisions"}],"predecessor-version":[{"id":255,"href":"https:\/\/hamido.de\/index.php?rest_route=\/wp\/v2\/pages\/77\/revisions\/255"}],"wp:attachment":[{"href":"https:\/\/hamido.de\/index.php?rest_route=%2Fwp%2Fv2%2Fmedia&parent=77"}],"curies":[{"name":"wp","href":"https:\/\/api.w.org\/{rel}","templated":true}]}}