{"id":3,"date":"2021-12-21T19:23:57","date_gmt":"2021-12-21T19:23:57","guid":{"rendered":"https:\/\/hamido.de\/?page_id=3"},"modified":"2024-03-02T10:32:54","modified_gmt":"2024-03-02T10:32:54","slug":"privacy-policy","status":"publish","type":"page","link":"https:\/\/hamido.de\/?page_id=3","title":{"rendered":"Datenschutzerkl\u00e4rung"},"content":{"rendered":"\n<p><strong><br>Verantwortung und Anbieter nach dem Datenschutzgesetz<\/strong><\/p>\n\n\n\n<p>Hamido GmbH auf Damm Str. 24, 09599 Freiberg, Deutschland<\/p>\n\n\n\n<p><strong>Geltungsbereich<\/strong><\/p>\n\n\n\n<p>Die Nutzer erhalten hier Informationen \u00fcber die Art, den Umfang und Zweck der Erhebung und Verwendung ihrer Daten, die durch den Anbieter erhoben und verwendet werden.<\/p>\n\n\n\n<p>Den rechtlichen Rahmen f\u00fcr den Datenschutz bilden das Bundesdatenschutzgesetz (BDSG) und das Telemediengesetz (TMG).<\/p>\n\n\n\n<p><strong>Erfassung allgemeiner Informationen<\/strong><\/p>\n\n\n\n<p>Mit jedem Zugriff auf unseren Webseiten werden durch uns bzw. den Webspace-Provider automatisch Informationen erfasst. Diese Informationen, auch als Server-Logfiles bezeichnet erlauben keine R\u00fcckschl\u00fcsse auf Ihre Person.<\/p>\n\n\n\n<ol class=\"wp-block-list\">\n<li>a. wird folgendes erfasst:<\/li>\n<\/ol>\n\n\n\n<p>Name der Webseite, Datei, Datum, Datenmenge, Webbrowser und Webbrowser-Version, Betriebssystem, der Domainname Ihres Internet-Providers, die sogenannte Referrer-URL (jene Seite, von der aus Sie auf unseren Webseiten zugegriffen haben) und die IP-Adresse.<\/p>\n\n\n\n<p>Es w\u00e4re technisch zum Teil nicht m\u00f6glich, ohne diese Daten die Inhalte der Webseiten darzustellen. Insofern ist die Erfassung der Daten zwingend notwendig und wir behalten uns zudem das Recht vor, die Log-Files bei Verdacht auf eine rechtswidrige Nutzung unseres Angebotes nachtr\u00e4glich zu kontrollieren.<\/p>\n\n\n\n<p><strong>Erfassung und Verarbeitung der Informationen<\/strong><\/p>\n\n\n\n<p>Wir speichern den vollst\u00e4ndigen Namen, der Person, die uns f\u00fcr eine definitive Angebotserstellung kontaktiert, dessen E-Mail-Adresse(n) und falls zutreffend den Firmennamen des Arbeitgebers. Auf Wunsch der anfragenden Person speichern wir Telefonnummern. Diese Daten werden im internen digitalen Datenverarbeitungssystem gespeichert und werden ausschlie\u00dflich verwendet f\u00fcr: die Zusendung spezifisch angefragter Angebote, die Kontaktaufnahme f\u00fcr R\u00fcckfragen bez\u00fcglich des Angebots oder des erteilten Auftrags, die Zusendung der fertiggestellten Dienstleistung im digitalen Format, die Zusendung der Rechnung f\u00fcr die Dienstleistung und damit verbundene eventuelle Zahlungserinnerungen. &nbsp;Also, es werden folgende Daten gespeichert:<\/p>\n\n\n\n<ul class=\"wp-block-list\">\n<li>Vor- und Nachname<\/li>\n\n\n\n<li>Geschlecht<\/li>\n\n\n\n<li>Adressdaten<\/li>\n\n\n\n<li>Telefonnummer<\/li>\n\n\n\n<li>E-Mail-Adresse<\/li>\n\n\n\n<li>IP-Adresse<\/li>\n\n\n\n<li>Weitere Personendaten, die Sie selbst angeben, z.B. beim Erstellen eines Nutzerprofils, in Korrespondenz oder telefonisch<\/li>\n\n\n\n<li>Standortdaten<\/li>\n\n\n\n<li>Daten zu Ihren Aktivit\u00e4ten auf unserer Webseite<\/li>\n\n\n\n<li>Internetbrowser und Endger\u00e4t<\/li>\n<\/ul>\n\n\n\n<p><strong>Erfassung besonderer Daten<\/strong><\/p>\n\n\n\n<p>Durch unsere Webseite\/Dienst werden keine personenbezogenen Daten von Personen zu erheben, die j\u00fcnger als 16 Jahre sind, es sei denn diese haben die Zustimmung ihrer Eltern oder des Vormundes. Wir k\u00f6nnen nicht kontrollieren, ob ein Webseitenbesucher unter 16 Jahren ist. Aus diesem Grund empfehlen wir Eltern, die Online-Aktivit\u00e4ten ihrer Kinder zu \u00fcberwachen, um vorzubeugen, dass Daten von Kindern ohne elterliche Zustimmung gespeichert werden. Sollten Sie der Meinung sein, dass wir Daten Minderj\u00e4hriger ohne Zustimmung erhoben haben, senden Sie uns eine E-Mail an&nbsp;<a href=\"mailto:info@hamido.de\">info@hamido.de<\/a>. Wir l\u00f6schen die Daten umgehend auf Ihren Wunsch.<\/p>\n\n\n\n<p><strong>Ziele der Erfassung der Daten<\/strong><\/p>\n\n\n\n<p>&nbsp;speichert Daten f\u00fcr folgende Zwecke:<\/p>\n\n\n\n<ul class=\"wp-block-list\">\n<li>Verarbeitung von Anfragen, Bestellungen und Bezahlungen<\/li>\n\n\n\n<li>Versand von E-Mails, die mit Ihrer Anfrage, Bestellung oder Bezahlung zusammenh\u00e4ngen<\/li>\n\n\n\n<li>Telefonische oder schriftliche Kontaktaufnahme f\u00fcr R\u00fcckfragen<\/li>\n\n\n\n<li>Lieferung von Diensten oder Produkten<\/li>\n\n\n\n<li>Analysieren des Verhaltens auf der Webseite.<\/li>\n\n\n\n<li>Aufbereitung buchhaltungsrelevanter Daten f\u00fcr steuerliche und rechtliche Verpflichtungen<\/li>\n<\/ul>\n\n\n\n<p><strong>Dauer der Speicherung von Daten<\/strong><\/p>\n\n\n\n<p>Personenbezogene Daten speichern wir gem\u00e4\u00df den Grunds\u00e4tzen der Datenvermeidung und Datensparsamkeit nur so lange, wie es erforderlich ist oder vom Gesetzgeber her vorgeschrieben wird (gesetzliche Speicherfrist). Entf\u00e4llt der Zweck der erhobenen Informationen oder endet die Speicherfrist, sperren oder l\u00f6schen wir die Daten.<\/p>\n\n\n\n<p><strong>Erbringung kostenpflichtiger Leistungen<\/strong><\/p>\n\n\n\n<p>Damit wir kostenpflichtige Leistungen erbringen k\u00f6nnen, fragen wir zus\u00e4tzliche Daten ab.<\/p>\n\n\n\n<p><strong>Verschl\u00fcsselung der Daten\u00fcbertragung<\/strong><\/p>\n\n\n\n<p>Damit die Sicherheit Ihrer Daten w\u00e4hrend der \u00dcbertragung gew\u00e4hrleistet ist, arbeiten wir mit Verschl\u00fcsselungsverfahren ( wie SSL) \u00fcber HTTPS.<\/p>\n\n\n\n<p><strong>Teilen von Personendaten mit Dritten<\/strong><\/p>\n\n\n\n<p>Hamido GmbH teilt Personendaten mit verschiedenen Dritt-Anbietern, nur wenn dies f\u00fcr die Ausf\u00fchrung der Angebotserstellung und\/oder des erteilten Auftrags, sowie f\u00fcr das Nachkommen eventueller rechtlicher Verpflichtungen notwendig ist.<\/p>\n\n\n\n<p>Des Weiteren werden bestimmte Daten durch einen Dritt-Anbieter verwendet, der von uns beauftragt wird, Einladungen zur Bewertung und Optimierung unserer Serviceleistung per E-Mail zu versenden. Diese Daten werden nach Ausf\u00fchrung des Dienstes gel\u00f6scht.<\/p>\n\n\n\n<p><strong>Dienste und Inhalte Dritter<\/strong><\/p>\n\n\n\n<p>Unsere Webseiten umfassen mitunter Inhalte, Dienste und Leistungen anderer Anbieter. Das sind zum Beispiel Karten, die von Google-Maps zur Verf\u00fcgung gestellt werden oder Grafiken und Bilder. Damit diese Daten im Browser des Nutzers aufgerufen und dargestellt werden k\u00f6nnen, ist die \u00dcbermittlung der IP-Adresse zwingend notwendig. Die Anbieter nehmen also die IP-Adresse des jeweiligen Nutzers wahr.<\/p>\n\n\n\n<p>Auch wenn wir bem\u00fcht sind, ausschlie\u00dflich Dritt-Anbieter zu nutzen, welche die IP-Adresse nur ben\u00f6tigen, um Inhalte ausliefern zu k\u00f6nnen, haben wir keinen Einfluss darauf, ob die IP-Adresse m\u00f6glicherweise gespeichert wird. Dieser Vorgang dient in dem Fall unter anderem statistischen Zwecken. Sofern wir Kenntnis davon haben, dass die IP-Adresse gespeichert wird, weisen wir unsere Nutzer darauf hin.<\/p>\n\n\n\n<p><strong>Verwendung von Cookies<\/strong><\/p>\n\n\n\n<p>Unsere Webseiten verwenden sogenannte Cookies. Das sind Textdateien, die vom Server aus auf Ihrem Rechner gespeichert werden. Sie enthalten Informationen zum Browser, zur IP-Adresse, dem Betriebssystem und zur Internetverbindung. Diese Daten werden von uns nicht an Dritte weitergegeben oder ohne ihre Zustimmung mit personenbezogenen Daten verkn\u00fcpft.<\/p>\n\n\n\n<p>Cookies erf\u00fcllen vor allem zwei Aufgaben. Sie helfen uns, Ihnen die Navigation durch unser Angebot zu erleichtern, und erm\u00f6glichen die korrekte Darstellung der Webseite. Sie werden nicht dazu genutzt, Viren einzuschleusen oder Programme zu starten.<\/p>\n\n\n\n<p>Nutzer haben die M\u00f6glichkeit, unser Angebot auch ohne Cookies aufzurufen. Dazu m\u00fcssen im Browser die entsprechenden Einstellungen ge\u00e4ndert werden. Informieren Sie sich bitte \u00fcber die Hilfsfunktion Ihres Browsers, wie Cookies deaktiviert werden. Wir weisen allerdings darauf hin, dass dadurch einige Funktionen dieser Webseite m\u00f6glicherweise beeintr\u00e4chtigt werden und der Nutzungskomfort eingeschr\u00e4nkt wird. Die Seiten&nbsp;<a href=\"http:\/\/www.aboutads.info\/choices\/\">http:\/\/www.aboutads.info\/choices\/<\/a>&nbsp;(USA) und&nbsp;<a href=\"http:\/\/www.youronlinechoices.com\/uk\/your-ad-choices\/\">http:\/\/www.youronlinechoices.com\/uk\/your-ad-choices\/<\/a>&nbsp;(Europa) erlauben es Ihnen, Online-Anzeigen-Cookies zu verwalten.<\/p>\n\n\n\n<p><strong>Verwendung von Google Analytics<\/strong><\/p>\n\n\n\n<p>Diese Webseite benutzt Google Analytics, einen Webanalysedienst der Google Inc. (\u201cGoogle\u201d). Google Analytics verwendet Cookies, die auf Ihrem Computer gespeichert werden und die eine Analyse der Benutzung der Webseite durch Sie erm\u00f6glichen. Die durch den Cookies erzeugten Informationen \u00fcber Ihre Benutzung dieser Webseite werden in der Regel an einen Server von Google in den USA \u00fcbertragen und dort gespeichert. Aufgrund der Aktivierung der IP-Anonymisierung auf diesen Webseiten, wird Ihre IP-Adresse von Google jedoch innerhalb von Mitgliedstaaten der Europ\u00e4ischen Union oder in anderen Vertragsstaaten des Abkommens \u00fcber den Europ\u00e4ischen Wirtschaftsraum zuvor gek\u00fcrzt. Nur in Ausnahmef\u00e4llen wird die volle IP-Adresse an einen Server von Google in den USA \u00fcbertragen und dort gek\u00fcrzt.<\/p>\n\n\n\n<p>Im Auftrag des Betreibers dieser Webseite wird Google diese Informationen benutzen, um Ihre Nutzung der Webseite auszuwerten, um Reports \u00fcber die Webseitenaktivit\u00e4ten zusammenzustellen und um weitere mit der Webseitennutzung und der Internetnutzung verbundene Dienstleistungen gegen\u00fcber dem Webseitenbetreiber zu erbringen. Die im Rahmen von Google Analytics von Ihrem Browser \u00fcbermittelte IP-Adresse wird nicht mit anderen Daten von Google zusammengef\u00fchrt. Sie k\u00f6nnen die Speicherung der Cookies durch eine entsprechende Einstellung Ihrer Browser-Software verhindern. Wir weisen Sie jedoch darauf hin, dass Sie in diesem Fall gegebenenfalls nicht s\u00e4mtliche Funktionen dieser Webseite vollumf\u00e4nglich werden nutzen k\u00f6nnen.<\/p>\n\n\n\n<p>Sie k\u00f6nnen dar\u00fcber hinaus die Erfassung der durch das Cookie erzeugten und auf Ihre Nutzung der Webseite bezogenen Daten (inkl. Ihrer IP-Adresse) an Google sowie die Verarbeitung dieser Daten durch Google verhindern, indem sie das unter dem folgenden Link verf\u00fcgbare Browser-Plugin herunterladen und installieren:&nbsp;<a href=\"http:\/\/tools.google.com\/dlpage\/gaoptout?hl=de\">Browser Add On zur Deaktivierung von Google Analytics<\/a>.<\/p>\n\n\n\n<p>N\u00e4here Informationen zu Nutzungsbedingungen und Datenschutz finden Sie unter&nbsp;<a href=\"http:\/\/www.google.com\/analytics\/terms\/de.html\">http:\/\/www.google.com\/analytics\/terms\/de.html<\/a>&nbsp;bzw. unter&nbsp;<a href=\"https:\/\/www.google.de\/intl\/de\/policies\/\">https:\/\/www.google.de\/intl\/de\/policies\/<\/a>.<\/p>\n\n\n\n<p><strong>Verwendung von Google Ads<\/strong><\/p>\n\n\n\n<p>Diese Webseite nutzt das Online-Werbeprogramm \u201eGoogle Ads\u201c und im Rahmen dessen das Conversion-Tracking. Dabei wird von Google Adwords ein Cookie auf Ihrem Rechner gesetzt, sofern Sie \u00fcber eine Google-Anzeige auf unsere Webseite gelangt sind. Diese Cookies verlieren nach 30 Tagen ihre G\u00fcltigkeit und dienen nicht der pers\u00f6nlichen Identifizierung. Besucht der Nutzer bestimmte Seiten unserer Webseite und das Cookie ist noch nicht abgelaufen, k\u00f6nnen wir und Google erkennen, dass der Nutzer auf die Anzeige geklickt hat und zu dieser Seite weitergeleitet wurde. Jeder Google AdWords-Kunde erh\u00e4lt ein anderes Cookie. Cookies k\u00f6nnen somit nicht \u00fcber die Webseiten von AdWords-Kunden nachverfolgt werden.<\/p>\n\n\n\n<p>Die mit Hilfe des Conversion-Cookies eingeholten Informationen dienen dazu Conversion-Statistiken f\u00fcr Ads-Kunden zu erstellen, die sich f\u00fcr Conversion-Tracking entschieden haben. Die Kunden erfahren die Gesamtanzahl der Nutzer, die auf ihre Anzeige geklickt haben und zu einer mit einem Conversion-Tracking-Tag versehenen Seite weitergeleitet wurden. Sie erhalten jedoch keine Informationen, mit denen sich Nutzer pers\u00f6nlich identifizieren lassen.<\/p>\n\n\n\n<p>Wenn Sie nicht am Tracking-Verfahren teilnehmen m\u00f6chten, k\u00f6nnen Sie das Cookie des Google Conversion-Trackings \u00fcber ihren Internet-Browser unter Nutzereinstellungen leicht deaktivieren. Sie werden dann nicht in die Conversion-Tracking Statistiken aufgenommen. Mehr hierzu erfahren Sie \u00fcber die Datenschutzbestimmungen von Google unter&nbsp;<a href=\"http:\/\/www.google.de\/policies\/privacy\/\">http:\/\/www.google.de\/policies\/privacy\/<\/a>.<\/p>\n\n\n\n<p><strong>Recht auf Auskunft, Berichtigung, Sperre, L\u00f6schung und Widerspruch<\/strong><\/p>\n\n\n\n<p>Sie haben das Recht, auf Antrag unentgeltlich eine Auskunft, \u00fcber die bei uns gespeicherten personenbezogenen Daten, anzufordern und\/oder eine Berichtigung, Sperrung oder L\u00f6schung zu verlangen. Ausnahmen: Es handelt sich um die vorgeschriebene Datenspeicherung zur Gesch\u00e4ftsabwicklung oder die Daten unterliegen der gesetzlichen Aufbewahrungspflicht.<\/p>\n\n\n\n<p>F\u00fcr diese Zwecke kontaktieren Sie bitte unseren Datenschutzbeauftragten \u00fcber&nbsp;<a href=\"mailto:info@hamido.de\">info@hamido.de<\/a>&nbsp;.<\/p>\n\n\n\n<p>Um eine Datensperre jederzeit ber\u00fccksichtigen zu k\u00f6nnen, ist es erforderlich, die Daten f\u00fcr Kontrollzwecke in einer Sperrdatei vorzuhalten. Besteht keine gesetzliche Archivierungspflicht, k\u00f6nnen Sie auch die L\u00f6schung der Daten verlangen. Anderenfalls sperren wir die Daten, sofern Sie dies w\u00fcnschen.<\/p>\n\n\n\n<p>Um sicherstellen zu k\u00f6nnen, dass die Anfrage zur Einsicht, L\u00f6schung oder \u00c4nderung Ihrer Daten von Ihnen selbst stammt, bitten wir Sie, eine Kopie eines Identit\u00e4tsnachweises mitzuschicken (Personalausweis oder Reisepass, mit geschw\u00e4rzten Daten zum Dokument, zum Schutz Ihrer Daten). Wir reagieren schnellstm\u00f6glich auf Ihre Anfrage, sp\u00e4testens innerhalb von vier Wochen.<\/p>\n\n\n\n<p>Hamido GmbH nimmt den Schutz Ihrer Daten ernst und trifft die n\u00f6tigen Vorkehrungen, um Missbrauch, Verlust, unbefugtem Zugang, unerw\u00fcnschter Ver\u00f6ffentlichung und unerlaubten \u00c4nderungen vorzubeugen.<\/p>\n\n\n\n<p><strong>\u00c4nderung unserer Datenschutzerkl\u00e4rung<\/strong><\/p>\n\n\n\n<p>Um zu gew\u00e4hrleisten, dass unsere Datenschutzerkl\u00e4rung stets den aktuellen gesetzlichen Vorgaben entspricht, behalten wir uns jederzeit \u00c4nderungen vor. Das gilt auch f\u00fcr den Fall, dass die Datenschutzerkl\u00e4rung aufgrund neuer oder \u00fcberarbeiteter Leistungen, zum Beispiel neuer Serviceleistungen, angepasst werden muss. Die neue Datenschutzerkl\u00e4rung greift dann bei Ihrem n\u00e4chsten Besuch auf unseren Webseiten- Angebote.<\/p>\n\n\n\n<p>Stand: Februar 2024<\/p>\n\n\n\n<p>Amtsgericht:  Chemnitz<br>Hamido GmbH Sitz: Freiberg, HRB 36370<\/p>\n","protected":false},"excerpt":{"rendered":"<p>Verantwortung und Anbieter nach dem Datenschutzgesetz Hamido GmbH auf Damm Str. 24, 09599 Freiberg, Deutschland Geltungsbereich Die Nutzer erhalten hier Informationen \u00fcber die Art, den Umfang und Zweck der Erhebung und Verwendung ihrer Daten, die durch den Anbieter erhoben und verwendet werden. Den rechtlichen Rahmen f\u00fcr den Datenschutz bilden das Bundesdatenschutzgesetz (BDSG) und das Telemediengesetz &hellip; <a href=\"https:\/\/hamido.de\/?page_id=3\" class=\"more-link\"><span class=\"screen-reader-text\">Datenschutzerkl\u00e4rung<\/span> weiterlesen <span class=\"meta-nav\">&rarr;<\/span><\/a><\/p>\n","protected":false},"author":1,"featured_media":0,"parent":0,"menu_order":0,"comment_status":"closed","ping_status":"open","template":"","meta":{"footnotes":""},"class_list":["post-3","page","type-page","status-publish","hentry"],"_links":{"self":[{"href":"https:\/\/hamido.de\/index.php?rest_route=\/wp\/v2\/pages\/3","targetHints":{"allow":["GET"]}}],"collection":[{"href":"https:\/\/hamido.de\/index.php?rest_route=\/wp\/v2\/pages"}],"about":[{"href":"https:\/\/hamido.de\/index.php?rest_route=\/wp\/v2\/types\/page"}],"author":[{"embeddable":true,"href":"https:\/\/hamido.de\/index.php?rest_route=\/wp\/v2\/users\/1"}],"replies":[{"embeddable":true,"href":"https:\/\/hamido.de\/index.php?rest_route=%2Fwp%2Fv2%2Fcomments&post=3"}],"version-history":[{"count":6,"href":"https:\/\/hamido.de\/index.php?rest_route=\/wp\/v2\/pages\/3\/revisions"}],"predecessor-version":[{"id":257,"href":"https:\/\/hamido.de\/index.php?rest_route=\/wp\/v2\/pages\/3\/revisions\/257"}],"wp:attachment":[{"href":"https:\/\/hamido.de\/index.php?rest_route=%2Fwp%2Fv2%2Fmedia&parent=3"}],"curies":[{"name":"wp","href":"https:\/\/api.w.org\/{rel}","templated":true}]}}