{"id":267,"date":"2024-06-05T06:05:39","date_gmt":"2024-06-05T06:05:39","guid":{"rendered":"https:\/\/hamido.de\/?page_id=267"},"modified":"2024-06-05T06:18:18","modified_gmt":"2024-06-05T06:18:18","slug":"impressum","status":"publish","type":"page","link":"https:\/\/hamido.de\/?page_id=267","title":{"rendered":"Impressum"},"content":{"rendered":"\n<p>Hamido Sprachmittlung ist eine <strong>G<\/strong>esellschaft <strong>m<\/strong>it <strong>b<\/strong>eschr\u00e4nkter <strong>H<\/strong>aftung<br>Gesch\u00e4ftsf\u00fchrer:<br>Jehad Nasrallah<br> Moutaz Al Zoubi<\/p>\n\n\n\n<p><strong>Firmensitz:<br><\/strong>Hamido GmbH<br>Damm Stra\u00dfe 24<br>09599 Freiberg<\/p>\n\n\n\n<p><strong>Kontakt:<\/strong><br>Telefon: 0049(0) 159 0 618 12 57<br>E-Mail: <a href=\"mailto:mail@hamido.de\">mail@hamido.de<\/a><br>Web: https:\/\/<a href=\"http:\/\/www.hamido.de\">www.hamido.de<\/a>, https:\/\/<a href=\"http:\/\/www.hamido.org\">www.hamido.org<\/a>, https:\/\/www.hamido.eu,<\/p>\n\n\n\n<p>Registernummer: HRB 36370<br>Registergericht: 09112&nbsp;Chemnitz<br>USt-ID: DE366981753<\/p>\n\n\n\n<p>Unsere Datenschutzbestimmungen finden Sie&nbsp;<strong><a href=\"https:\/\/hamido.de\/?page_id=3\">hier.<\/a>&nbsp;&nbsp;&nbsp;&nbsp;&nbsp;&nbsp;&nbsp;&nbsp;&nbsp;&nbsp;&nbsp;&nbsp;<\/strong><\/p>\n\n\n\n<p><strong>WICHTIG:<\/strong><br>Die Nutzung im Zuge der Impressumspflicht und der weiteren ver\u00f6ffentlichten Kontaktdaten durch Dritte bspw. zur \u00dcbersendung von nicht angeforderter Werbung und Informationsmaterialien wird widersprochen. Wir behalten uns rechtliche Schritte im Falle der unverlangten Zusendung von Werbeinformationen, etwa durch Spam-Mails, vor.<\/p>\n\n\n\n<p>Inhalts- und Webseitendarstellung, sowie die Seiten https:\/\/www.hamido.de, https:\/\/www.hamido.org, https:\/\/www.hamido.eu, unterliegen dem deutschen Urheberrecht. Vervielf\u00e4ltigungen und Verwendung von Bildmaterial sowie einzelner Texte oder Textteile bedarf immer unserer vorherigen schriftlichen Zustimmung. Die Weitergabe einzelner Inhalte kompletter Seiten oder unerlaubte Vervielf\u00e4ltigung ist strafbar.<\/p>\n","protected":false},"excerpt":{"rendered":"<p>Hamido Sprachmittlung ist eine Gesellschaft mit beschr\u00e4nkter HaftungGesch\u00e4ftsf\u00fchrer:Jehad Nasrallah Moutaz Al Zoubi Firmensitz:Hamido GmbHDamm Stra\u00dfe 2409599 Freiberg Kontakt:Telefon: 0049(0) 159 0 618 12 57E-Mail: mail@hamido.deWeb: https:\/\/www.hamido.de, https:\/\/www.hamido.org, https:\/\/www.hamido.eu, Registernummer: HRB 36370Registergericht: 09112&nbsp;ChemnitzUSt-ID: DE366981753 Unsere Datenschutzbestimmungen finden Sie&nbsp;hier.&nbsp;&nbsp;&nbsp;&nbsp;&nbsp;&nbsp;&nbsp;&nbsp;&nbsp;&nbsp;&nbsp;&nbsp; WICHTIG:Die Nutzung im Zuge der Impressumspflicht und der weiteren ver\u00f6ffentlichten Kontaktdaten durch Dritte bspw. zur \u00dcbersendung von nicht &hellip; <a href=\"https:\/\/hamido.de\/?page_id=267\" class=\"more-link\"><span class=\"screen-reader-text\">Impressum<\/span> weiterlesen <span class=\"meta-nav\">&rarr;<\/span><\/a><\/p>\n","protected":false},"author":1,"featured_media":0,"parent":0,"menu_order":0,"comment_status":"closed","ping_status":"closed","template":"","meta":{"footnotes":""},"class_list":["post-267","page","type-page","status-publish","hentry"],"_links":{"self":[{"href":"https:\/\/hamido.de\/index.php?rest_route=\/wp\/v2\/pages\/267","targetHints":{"allow":["GET"]}}],"collection":[{"href":"https:\/\/hamido.de\/index.php?rest_route=\/wp\/v2\/pages"}],"about":[{"href":"https:\/\/hamido.de\/index.php?rest_route=\/wp\/v2\/types\/page"}],"author":[{"embeddable":true,"href":"https:\/\/hamido.de\/index.php?rest_route=\/wp\/v2\/users\/1"}],"replies":[{"embeddable":true,"href":"https:\/\/hamido.de\/index.php?rest_route=%2Fwp%2Fv2%2Fcomments&post=267"}],"version-history":[{"count":3,"href":"https:\/\/hamido.de\/index.php?rest_route=\/wp\/v2\/pages\/267\/revisions"}],"predecessor-version":[{"id":275,"href":"https:\/\/hamido.de\/index.php?rest_route=\/wp\/v2\/pages\/267\/revisions\/275"}],"wp:attachment":[{"href":"https:\/\/hamido.de\/index.php?rest_route=%2Fwp%2Fv2%2Fmedia&parent=267"}],"curies":[{"name":"wp","href":"https:\/\/api.w.org\/{rel}","templated":true}]}}