{"id":189,"date":"2022-08-13T18:12:45","date_gmt":"2022-08-13T18:12:45","guid":{"rendered":"https:\/\/hamido.de\/?page_id=189"},"modified":"2024-06-15T15:30:25","modified_gmt":"2024-06-15T15:30:25","slug":"karriere","status":"publish","type":"page","link":"https:\/\/hamido.de\/?page_id=189","title":{"rendered":"Ihr Traumjob,"},"content":{"rendered":"\n<p><strong><mark style=\"background-color:rgba(0, 0, 0, 0)\" class=\"has-inline-color has-green-color\">Ihr Traumjob<\/mark><\/strong>, f\u00fcr den Sie freiwillig und voller Elan aufstehen?<br><\/p>\n\n\n\n<p>Wenn <mark style=\"background-color:#f5f5f5\" class=\"has-inline-color\">Sie das Niveau C1-GERS Deutsch durch eine der folgenden M\u00f6glichkeiten nachweisen k\u00f6nnen<\/mark>, freut sich das Sprachmittlungs- B\u00fcro Hamido GmbH, Sie als Sprachmittler\/in zum Dolmetschen bzw. \u00dcbersetzen in seinem Team willkommen zu hei\u00dfen:<\/p>\n\n\n\n<ol class=\"wp-block-list\">\n<li>Goethe- Zertifikat: Goethe-Zertifikat des Goethe-Instituts C1.<\/li>\n\n\n\n<li>Telc: Zeugnis \u00fcber die bestandene Pr\u00fcfung \u201etelc Deutsch\u201c.<\/li>\n\n\n\n<li>DSH: Zeugnis \u00fcber bestandene Deutsche Sprachpr\u00fcfung f\u00fcr den Hochschulzugang.<\/li>\n\n\n\n<li>Feststellungspr\u00fcfung 1: Zeugnis \u00fcber bestandenen Pr\u00fcfungsteil Deutsch der Feststellungspr\u00fcfung 1 an Studienkolleg bzw. der nach Landesrecht zust\u00e4ndigen Stelle.<\/li>\n\n\n\n<li>TestDaf: Zeugnis \u00fcber bestandenen Test Deutsch als Fremdsprache.<\/li>\n\n\n\n<li>UNIcert: UNIcert\u00ae-Zertifikat Deutsch.<\/li>\n\n\n\n<li>DSD: Deutsches Sprachdiplom der Kultusministerkonferenz\u00b2.<\/li>\n\n\n\n<li>\u00d6SD: \u00d6sterreichisches Sprachdiplom Deutsch.<\/li>\n\n\n\n<li>Abgeschlossenes Studium: im Fach Lehramt Deutsch, im Fach Germanistik oder an einer deutschsprachigen (Fach-) Hochschule.<\/li>\n\n\n\n<li>Schulabschluss: in deutscher Sprache abgelegt und einer allgemeinen Hochschulzugangsberechtigung entsprechend.<\/li>\n\n\n\n<li>Schulabschluss: einer Fachoberschule (FOS),<\/li>\n\n\n\n<li>Schulabschluss: einer Berufsoberschule (BOS)<\/li>\n\n\n\n<li>Schulabschluss: oder einer Berufsfachschule (BFS).<\/li>\n\n\n\n<li>Berufsabschluss\/ berufsqualifizierender Abschluss: sofern dieser einem (Fach-) Hochschulabschluss gleichzusetzen ist.<\/li>\n<\/ol>\n\n\n\n<p>Stark gefragte Sprachen sind:<\/p>\n\n\n\n<p><mark style=\"background-color:rgba(0, 0, 0, 0)\" class=\"has-inline-color has-green-color\"><strong>Spanisch, T\u00fcrkisch, Kurdisch (Badinani, Kurmandschi und Sorani), Arabisch, Fula, Rundi\/Kirundi, Rwanda\/Kinyarwanda, Paschto, Igbo, Dinka, Komorisch, Deutsche und internationale Geb\u00e4rdensprache, Paschai &#8211; suy j, Dari, Georgisch, Singhalesisch, Persisch, Dari, Khmer\/Kambodschanisch, Dendi, Taschelhit, Telugu, Dagbani, Gonja, Afghanisch, Pakistanisch, Somali, Sprachen und Dialekte des afrikanischen Kontinents <\/strong><\/mark><strong><mark style=\"background-color:#f5f5f5\" class=\"has-inline-color has-black-color\">und alle weiteren Sprachen au\u00dfer Englisch und Franz\u00f6sisch.<\/mark><\/strong><\/p>\n\n\n\n<p>Unabh\u00e4ngig von dem Wohnsitz innerhalb der Bundesrepublik Deutschland bieten wir Ihnen die Aufgaben des Dolmetschens und des \u00dcbersetzens unter Ber\u00fccksichtigung der f\u00fcr Sie passenden Zeiten an.<\/p>\n\n\n\n<p><em><sup><strong>Wichtig ist<\/strong>, dass Sie in Deutschland wohnhaft sind.<\/sup><\/em><\/p>\n\n\n\n<p class=\"has-text-align-center\"><strong>Haben Sie Interesse?<\/strong><\/p>\n\n\n\n<p class=\"has-text-align-center\">Ihre aussagekr\u00e4ftige Bewerbung richten Sie bitte per e-Mail an:<\/p>\n\n\n\n<p class=\"has-text-align-center\"> <a href=\"mailto:job@hamido.de\">job@hamido.de<\/a><\/p>\n\n\n\n<p class=\"has-text-align-center\">Oder per Post an<br>Hamido GmbH<br>Damm Str. 24<br>09599 Freiberg<\/p>\n\n\n\n<p class=\"has-text-align-center\">H\u00e4tten Sie noch Fragen, z\u00f6gern Sie nicht, uns telefonisch unter 015906181257<br>E-Mail: <a href=\"mailto:job@hamido.de\">job@hamido.de<\/a><br>zu kontaktieren.<\/p>\n\n\n\n<p><em><sup><strong>Anmerkung:<\/strong> Wir erteilen keine Online Dolmetsch- bzw. \u00dcbersetzungsarbeiten und bieten kein Homeoffice an.<\/sup><\/em><\/p>\n\n\n\n<p><\/p>\n\n\n\n<p><\/p>\n","protected":false},"excerpt":{"rendered":"<p>Ihr Traumjob, f\u00fcr den Sie freiwillig und voller Elan aufstehen? Wenn Sie das Niveau C1-GERS Deutsch durch eine der folgenden M\u00f6glichkeiten nachweisen k\u00f6nnen, freut sich das Sprachmittlungs- B\u00fcro Hamido GmbH, Sie als Sprachmittler\/in zum Dolmetschen bzw. \u00dcbersetzen in seinem Team willkommen zu hei\u00dfen: Stark gefragte Sprachen sind: Spanisch, T\u00fcrkisch, Kurdisch (Badinani, Kurmandschi und Sorani), Arabisch, &hellip; <a href=\"https:\/\/hamido.de\/?page_id=189\" class=\"more-link\"><span class=\"screen-reader-text\">Ihr Traumjob,<\/span> weiterlesen <span class=\"meta-nav\">&rarr;<\/span><\/a><\/p>\n","protected":false},"author":1,"featured_media":0,"parent":0,"menu_order":0,"comment_status":"closed","ping_status":"closed","template":"","meta":{"footnotes":""},"class_list":["post-189","page","type-page","status-publish","hentry"],"_links":{"self":[{"href":"https:\/\/hamido.de\/index.php?rest_route=\/wp\/v2\/pages\/189","targetHints":{"allow":["GET"]}}],"collection":[{"href":"https:\/\/hamido.de\/index.php?rest_route=\/wp\/v2\/pages"}],"about":[{"href":"https:\/\/hamido.de\/index.php?rest_route=\/wp\/v2\/types\/page"}],"author":[{"embeddable":true,"href":"https:\/\/hamido.de\/index.php?rest_route=\/wp\/v2\/users\/1"}],"replies":[{"embeddable":true,"href":"https:\/\/hamido.de\/index.php?rest_route=%2Fwp%2Fv2%2Fcomments&post=189"}],"version-history":[{"count":30,"href":"https:\/\/hamido.de\/index.php?rest_route=\/wp\/v2\/pages\/189\/revisions"}],"predecessor-version":[{"id":283,"href":"https:\/\/hamido.de\/index.php?rest_route=\/wp\/v2\/pages\/189\/revisions\/283"}],"wp:attachment":[{"href":"https:\/\/hamido.de\/index.php?rest_route=%2Fwp%2Fv2%2Fmedia&parent=189"}],"curies":[{"name":"wp","href":"https:\/\/api.w.org\/{rel}","templated":true}]}}